{"id":39,"date":"2022-02-24T18:42:26","date_gmt":"2022-02-24T18:42:26","guid":{"rendered":"https:\/\/termekdijugynok.hu\/?page_id=39"},"modified":"2023-07-03T08:47:23","modified_gmt":"2023-07-03T08:47:23","slug":"magunkrol","status":"publish","type":"page","link":"https:\/\/termekdijugynok.hu\/?page_id=39","title":{"rendered":"Magunkr\u00f3l"},"content":{"rendered":"<div class=\"\" style=\"\" >\n    \n    <section class=\"u-clearfix u-image lazyload u-section-2\" id=\"sec-39dd\" data-image-width=\"1280\" data-image-height=\"853\" data-bg=\"url(&quot;https:\/\/termekdijugynok.hu\/wp-content\/uploads\/2022\/02\/7c5cacd80e87c10d2b199f7ce75eaf3c915140392b827da661c388d918ad9da67c63f8958ee1d6f440d722d9f3e310e34394be1571e31318ce3514_1280-1.jpg&quot;)\">\n      <div class=\"u-clearfix u-sheet u-sheet-1\">\n        <h2 class=\"u-align-center u-text u-text-default u-text-1\">Term\u00e9kd\u00edj \u00e9s EPR \u00fcgyint\u00e9z\u00e9s <\/h2>\n      <\/div>\n    <\/section>\n    <section class=\"u-align-center u-clearfix u-section-3\" id=\"sec-ea8e\">\n      <div class=\"u-clearfix u-sheet u-sheet-1\">\n        <h3 class=\"u-text u-text-palette-2-light-1 u-text-1\">\n          <span style=\"font-weight: 400;\">A k\u00f6rnyezetv\u00e9delem mindannyiunk k\u00f6z\u00f6s \u00fcgye!<\/span>\n          <span style=\"font-weight: 700;\"><\/span>\n        <\/h3>\n        <p class=\"u-text u-text-default u-text-2\">Mag\u00e1nemberk\u00e9nt szelekt\u00edven gy\u0171jt\u0151m a hullad\u00e9kot, nem szemetelek, nem haszn\u00e1lok nylon zacsk\u00f3t, lehet\u0151s\u00e9g szerint v\u00e9dem, \u00f3vom a k\u00f6rnyezetet!<br>V\u00e1llalkoz\u00f3k\u00e9nt a k\u00f6rnyezetv\u00e9delmi term\u00e9kd\u00edj \u00fcgyint\u00e9z\u00e9s\u00e9vel foglalkozom, amely szint\u00e9n a k\u00f6rnyezetv\u00e9delem r\u00e9sze.<br>A k\u00f6rnyezetv\u00e9delmi term\u00e9kd\u00edj, mint ad\u00f3, egyr\u00e9szt a k\u00f6rnyezet\u00fcnkre \u00e1rtalmas anyagok kibocs\u00e1t\u00e1s\u00e1t pr\u00f3b\u00e1lja szab\u00e1lyozni, m\u00e1sr\u00e9szt egyfajta alapot k\u00e9pez a keletkez\u0151 hullad\u00e9kok kezel\u00e9s\u00e9re, \u00fajra hasznos\u00edt\u00e1s\u00e1ra, \u00e1rtalmatlan\u00edt\u00e1s\u00e1ra.<br>Ebben a vil\u00e1gm\u00e9ret\u0171 probl\u00e9ma megold\u00e1sban mindenkinek megvan a maga szerepe, saj\u00e1t k\u00f6rnyezet\u00e9ben minden tehet valamit, hogy min\u00e9l kevesebb hullad\u00e9k szennyezze a k\u00f6rnyezet\u00fcnket.&nbsp;<br>Ma m\u00e1r a k\u00f6rnyezetv\u00e9delmi term\u00e9kd\u00edj k\u00f6telezetts\u00e9ggel \u00e9rintett v\u00e1llalkoz\u00e1sok t\u00f6bbs\u00e9g\u00e9n\u00e9l t\u00f6bb\u00e9-kev\u00e9sb\u00e9 megoldottak a k\u00f6rnyezetv\u00e9delmi term\u00e9kd\u00edj nyilv\u00e1ntart\u00e1ssal, bevall\u00e1ssal, befizet\u00e9ssel kapcsolatos feladatok.<br>Esetleg r\u00e1b\u00edzz\u00e1k egy koll\u00e9g\u00e1ra, vagy a k\u00f6nyvel\u0151re, aki \u00fagyis minden m\u00e1rt is int\u00e9z a NAV fel\u00e9?<br>De vajon j\u00f3 megold\u00e1s ez?<br>Minden bizonnyal vannak j\u00f3l k\u00e9pzett koll\u00e9g\u00e1k, k\u00f6nyvel\u0151k, k\u00f6nyvel\u0151 v\u00e1llalkoz\u00e1sok, amelyek magas sz\u00ednvonalon k\u00e9pesek ell\u00e1tni a k\u00f6rnyezetv\u00e9delmi term\u00e9kd\u00edjjal kapcsolatos feladatokat is. Azonban egy k\u00f6nyvel\u0151 v\u00e1llalkoz\u00e1s, vagy egy j\u00f3 k\u00e9pess\u00e9g\u0171 adminisztr\u00e1tor koll\u00e9ga a legritk\u00e1bb esetben rendelkezik v\u00e1m\u00fcgyint\u00e9z\u0151i k\u00e9pes\u00edt\u00e9ssel, gyakorlattal.<br>Hogy erre mi\u00e9rt van sz\u00fcks\u00e9g?<br>\u00c1ltal\u00e1ban a koll\u00e9g\u00e1n\u00e1l \u00e9s a k\u00f6nyvel\u0151n\u00e9l is addig megvan, hogy a term\u00e9kek csomagol\u00e1sa \u00e1ltal\u00e1ban term\u00e9kd\u00edj k\u00f6teles.<br>A term\u00e9kd\u00edj t\u00f6rv\u00e9ny azonban a term\u00e9kek v\u00e1mtarifasz\u00e1ma alapj\u00e1n hat\u00e1rozza meg a term\u00e9kd\u00edj k\u00f6teles term\u00e9kek k\u00f6r\u00e9t. Vannak azonban olyan term\u00e9kek is, amelyek a v\u00e1mtarifasz\u00e1m alapj\u00e1n nem term\u00e9kd\u00edjk\u00f6telesek, de tartalmazhatnak olyan \u00f6sszetev\u0151ket, amelyek term\u00e9kd\u00edj k\u00f6telesek lehetnek.<br>\n          <br>Elvesz\u00edtette a fonalat?<br>\n          <br>Forduljon term\u00e9kd\u00edj szak\u00e9rt\u0151h\u00f6z!<br>\n          <br>D\u00edjmentesen felm\u00e9rj\u00fck az \u00d6n \u00e1ltal gy\u00e1rtott, forgalmazott term\u00e9kk\u00f6rt, t\u00e1j\u00e9koztat\u00e1st adunk a v\u00e1rhat\u00f3 term\u00e9kd\u00edj k\u00f6telezetts\u00e9gr\u0151l!<br>T\u00f6bb \u00e9vtizedes v\u00e1m\u00fcgyint\u00e9z\u0151i, k\u00f6rnyezetv\u00e9delmi term\u00e9kd\u00edj \u00fcgyint\u00e9z\u0151i gyakorlattal, sz\u00e9les k\u00f6r\u0171 \u00e1ruismerettel \u00e1llunk a tisztelt megrendel\u0151 rendelkez\u00e9s\u00e9re.\n        <\/p>\n      <\/div>\n    <\/section>\n    <section class=\"u-clearfix u-section-4\" id=\"sec-5a01\">\n      <div class=\"u-clearfix u-sheet u-sheet-1\">\n        <div class=\"u-container-style u-grey-10 u-group u-group-1\">\n          <div class=\"u-container-layout u-valign-middle u-container-layout-1\">\n            <p class=\"u-align-center u-text u-text-default u-text-1\">2023.07.01<br>A kiterjesztett gy\u00e1rt\u00f3i felel\u0151ss\u00e9gi d\u00edj (EPR d\u00edj) elkezd\u0151d\u00f6tt.<br>\n              <br>&nbsp;A kiterjesztett gy\u00e1rt\u00f3i felel\u0151ss\u00e9gi d\u00edj nagyj\u00e1b\u00f3l ugyanazt a term\u00e9kk\u00f6rt \u00e9rinti, mint a k\u00f6rnyezetv\u00e9delmi term\u00e9kd\u00edj. Vannak azonban l\u00e9nyeges elt\u00e9r\u00e9sek az \u00e9rintett term\u00e9kk\u00f6r, tev\u00e9kenys\u00e9g vonatkoz\u00e1s\u00e1ban. Kiterjesztett gy\u00e1rt\u00f3i felel\u0151ss\u00e9gi d\u00edj rendszer\u00e9ben er\u0151sen korl\u00e1tozott az \u00e1tv\u00e1llal\u00e1s, visszaig\u00e9nyl\u00e9s lehet\u0151s\u00e9ge.&nbsp;<br>Ez\u00e9rt is fontos, hogy az EPR k\u00f6telezetts\u00e9g, nyilv\u00e1ntart\u00e1s, bevall\u00e1s teljes\u00edt\u00e9s\u00e9hez forduljon szakemberhez!\n            <\/p>\n          <\/div>\n        <\/div>\n      <\/div>\n    <\/section>\n    <section class=\"u-clearfix u-section-5\" id=\"sec-22e2\">\n      <div class=\"u-clearfix u-sheet u-sheet-1\">\n        <p class=\"u-text u-text-1\">Ez a weboldal nem a multiknak, nem a k\u00f6zepes, vagy a nagyv\u00e1llalatoknak sz\u00f3l, ott minden egyes r\u00e9szfeladat megold\u00e1s\u00e1n komplett oszt\u00e1lyok dolgoznak. A kis \u00e9s mikro v\u00e1llalkoz\u00e1soknak szeretn\u00e9nk szak\u00e9rt\u0151, megb\u00edzhat\u00f3 tan\u00e1csad\u00e1st, szolg\u00e1ltat\u00e1st ny\u00fajtani.<\/p>\n      <\/div>\n    <\/section>\n    \n    \n  \n<\/div>","protected":false},"excerpt":{"rendered":"<p>Term\u00e9kd\u00edj \u00e9s EPR \u00fcgyint\u00e9z\u00e9s A k\u00f6rnyezetv\u00e9delem mindannyiunk k\u00f6z\u00f6s \u00fcgye! Mag\u00e1nemberk\u00e9nt szelekt\u00edven gy\u0171jt\u0151m a hullad\u00e9kot, nem szemetelek, nem haszn\u00e1lok nylon zacsk\u00f3t, lehet\u0151s\u00e9g szerint v\u00e9dem, \u00f3vom a k\u00f6rnyezetet!V\u00e1llalkoz\u00f3k\u00e9nt a k\u00f6rnyezetv\u00e9delmi term\u00e9kd\u00edj \u00fcgyint\u00e9z\u00e9s\u00e9vel foglalkozom, amely szint\u00e9n a k\u00f6rnyezetv\u00e9delem r\u00e9sze.A k\u00f6rnyezetv\u00e9delmi term\u00e9kd\u00edj, mint ad\u00f3, egyr\u00e9szt a k\u00f6rnyezet\u00fcnkre \u00e1rtalmas anyagok kibocs\u00e1t\u00e1s\u00e1t pr\u00f3b\u00e1lja szab\u00e1lyozni, m\u00e1sr\u00e9szt egyfajta alapot k\u00e9pez a keletkez\u0151 hullad\u00e9kok&hellip; <a class=\"more-link\" href=\"https:\/\/termekdijugynok.hu\/?page_id=39\"><span class=\"screen-reader-text\">Magunkr\u00f3l<\/span> olvas\u00e1s\u00e1nak folytat\u00e1sa<\/a><\/p>\n","protected":false},"author":1,"featured_media":0,"parent":0,"menu_order":1,"comment_status":"closed","ping_status":"closed","template":"","meta":{"two_page_speed":{"previous_score":{"desktop_score":94,"desktop_tti":"1.8\u00a0","mobile_score":87,"mobile_tti":"7.5\u00a0","date":"30.06.2023 06:01:06 pm","status":"completed"},"current_score":{"desktop_score":97,"desktop_tti":"0.3\u00a0","mobile_score":97,"mobile_tti":"1.1\u00a0","date":"03.07.2023 08:48:02 am","status":"completed"}},"footnotes":""},"class_list":["post-39","page","type-page","status-publish","hentry","entry"],"_links":{"self":[{"href":"https:\/\/termekdijugynok.hu\/index.php?rest_route=\/wp\/v2\/pages\/39","targetHints":{"allow":["GET"]}}],"collection":[{"href":"https:\/\/termekdijugynok.hu\/index.php?rest_route=\/wp\/v2\/pages"}],"about":[{"href":"https:\/\/termekdijugynok.hu\/index.php?rest_route=\/wp\/v2\/types\/page"}],"author":[{"embeddable":true,"href":"https:\/\/termekdijugynok.hu\/index.php?rest_route=\/wp\/v2\/users\/1"}],"replies":[{"embeddable":true,"href":"https:\/\/termekdijugynok.hu\/index.php?rest_route=%2Fwp%2Fv2%2Fcomments&post=39"}],"version-history":[{"count":7,"href":"https:\/\/termekdijugynok.hu\/index.php?rest_route=\/wp\/v2\/pages\/39\/revisions"}],"predecessor-version":[{"id":211,"href":"https:\/\/termekdijugynok.hu\/index.php?rest_route=\/wp\/v2\/pages\/39\/revisions\/211"}],"wp:attachment":[{"href":"https:\/\/termekdijugynok.hu\/index.php?rest_route=%2Fwp%2Fv2%2Fmedia&parent=39"}],"curies":[{"name":"wp","href":"https:\/\/api.w.org\/{rel}","templated":true}]}}